{"id":2053,"date":"2025-11-12T11:29:52","date_gmt":"2025-11-12T08:29:52","guid":{"rendered":"https:\/\/sermurpalet.com\/about-us\/"},"modified":"2026-05-13T22:56:29","modified_gmt":"2026-05-13T19:56:29","slug":"about-us","status":"publish","type":"page","link":"https:\/\/sermurpalet.com\/en\/about-us\/","title":{"rendered":"About Us"},"content":{"rendered":"\t\t<div data-elementor-type=\"wp-page\" data-elementor-id=\"2053\" class=\"elementor elementor-2053 elementor-272\">\n\t\t\t\t<div class=\"elementor-element elementor-element-556432b3 e-con-full e-flex sc_layouts_column_icons_position_left e-con e-parent\" data-id=\"556432b3\" data-element_type=\"container\" data-e-type=\"container\">\n\t\t<div class=\"elementor-element elementor-element-698b9dc3 e-con-full e-flex sc_layouts_column_icons_position_left e-con e-child\" data-id=\"698b9dc3\" data-element_type=\"container\" data-e-type=\"container\">\n\t\t<div class=\"elementor-element elementor-element-5737d952 e-con-full sc_column_fixed e-flex sc_layouts_column_icons_position_left e-con e-child\" data-id=\"5737d952\" data-element_type=\"container\" data-e-type=\"container\">\n\t\t\t\t<div data-animation-type=\"block\" class=\"elementor-element elementor-element-7564390d animation_type_block sc_fly_static elementor-invisible elementor-widget elementor-widget-image\" data-id=\"7564390d\" data-element_type=\"widget\" data-e-type=\"widget\" data-settings=\"{&quot;_animation&quot;:&quot;ta_fadeinup&quot;}\" data-widget_type=\"image.default\">\n\t\t\t\t\t\t\t\t\t\t\t\t\t\t\t<img fetchpriority=\"high\" decoding=\"async\" width=\"400\" height=\"400\" src=\"https:\/\/sermurpalet.com\/wp-content\/uploads\/2026\/05\/sermur-palet-ozel-olcu-paletler-kapali-palet-secenekleri.webp\" class=\"attachment-full size-full wp-image-2024\" alt=\"Fully closed-deck wooden pallet for sensitive and heavy loads, impact-protected ISPM-15 export pallet.\" srcset=\"https:\/\/sermurpalet.com\/wp-content\/uploads\/2026\/05\/sermur-palet-ozel-olcu-paletler-kapali-palet-secenekleri.webp 400w, https:\/\/sermurpalet.com\/wp-content\/uploads\/2026\/05\/sermur-palet-ozel-olcu-paletler-kapali-palet-secenekleri-300x300.webp 300w, https:\/\/sermurpalet.com\/wp-content\/uploads\/2026\/05\/sermur-palet-ozel-olcu-paletler-kapali-palet-secenekleri-150x150.webp 150w, https:\/\/sermurpalet.com\/wp-content\/uploads\/2026\/05\/sermur-palet-ozel-olcu-paletler-kapali-palet-secenekleri-370x370.webp 370w, https:\/\/sermurpalet.com\/wp-content\/uploads\/2026\/05\/sermur-palet-ozel-olcu-paletler-kapali-palet-secenekleri-90x90.webp 90w\" sizes=\"(max-width: 767px) 100vw, 400px\" \/>\t\t\t\t\t\t\t\t\t\t\t\t\t\t\t<\/div>\n\t\t\t\t<\/div>\n\t\t<div class=\"elementor-element elementor-element-6ac67f67 e-con-full e-flex sc_layouts_column_icons_position_left e-con e-child\" data-id=\"6ac67f67\" data-element_type=\"container\" data-e-type=\"container\">\n\t\t\t\t<div data-animation-type=\"block\" class=\"elementor-element elementor-element-25fefce5 animation_type_block sc_fly_static elementor-invisible elementor-widget elementor-widget-image\" data-id=\"25fefce5\" data-element_type=\"widget\" data-e-type=\"widget\" data-settings=\"{&quot;_animation&quot;:&quot;ta_fadeinup&quot;,&quot;_animation_delay&quot;:100}\" data-widget_type=\"image.default\">\n\t\t\t\t\t\t\t\t\t\t\t\t\t\t\t<img decoding=\"async\" width=\"1880\" height=\"898\" src=\"https:\/\/sermurpalet.com\/wp-content\/uploads\/2026\/05\/sermur-palet-ozel-olcu-ve-tasarim-palet-cozumleri.webp\" class=\"attachment-full size-full wp-image-2052\" alt=\"Custom-sized wooden pallet produced with millimeter precision and a protected pallet model with a fully closed-deck.\" srcset=\"https:\/\/sermurpalet.com\/wp-content\/uploads\/2026\/05\/sermur-palet-ozel-olcu-ve-tasarim-palet-cozumleri.webp 1880w, https:\/\/sermurpalet.com\/wp-content\/uploads\/2026\/05\/sermur-palet-ozel-olcu-ve-tasarim-palet-cozumleri-300x143.webp 300w, https:\/\/sermurpalet.com\/wp-content\/uploads\/2026\/05\/sermur-palet-ozel-olcu-ve-tasarim-palet-cozumleri-1024x489.webp 1024w, https:\/\/sermurpalet.com\/wp-content\/uploads\/2026\/05\/sermur-palet-ozel-olcu-ve-tasarim-palet-cozumleri-768x367.webp 768w, https:\/\/sermurpalet.com\/wp-content\/uploads\/2026\/05\/sermur-palet-ozel-olcu-ve-tasarim-palet-cozumleri-1536x734.webp 1536w, https:\/\/sermurpalet.com\/wp-content\/uploads\/2026\/05\/sermur-palet-ozel-olcu-ve-tasarim-palet-cozumleri-370x177.webp 370w, https:\/\/sermurpalet.com\/wp-content\/uploads\/2026\/05\/sermur-palet-ozel-olcu-ve-tasarim-palet-cozumleri-924x441.webp 924w, https:\/\/sermurpalet.com\/wp-content\/uploads\/2026\/05\/sermur-palet-ozel-olcu-ve-tasarim-palet-cozumleri-410x196.webp 410w, https:\/\/sermurpalet.com\/wp-content\/uploads\/2026\/05\/sermur-palet-ozel-olcu-ve-tasarim-palet-cozumleri-500x239.webp 500w, https:\/\/sermurpalet.com\/wp-content\/uploads\/2026\/05\/sermur-palet-ozel-olcu-ve-tasarim-palet-cozumleri-400x191.webp 400w\" sizes=\"(max-width: 1880px) 100vw, 1880px\" \/>\t\t\t\t\t\t\t\t\t\t\t\t\t\t\t<\/div>\n\t\t\t\t<\/div>\n\t\t\t\t<\/div>\n\t\t<div class=\"elementor-element elementor-element-3a3e6443 e-con-full e-flex sc_layouts_column_icons_position_left e-con e-child\" data-id=\"3a3e6443\" data-element_type=\"container\" data-e-type=\"container\">\n\t\t<div data-animation-type=\"block\" class=\"elementor-element elementor-element-71f959e7 e-con-full e-flex sc_layouts_column_icons_position_left animation_type_block elementor-invisible e-con e-child\" data-id=\"71f959e7\" data-element_type=\"container\" data-e-type=\"container\" data-settings=\"{&quot;animation&quot;:&quot;ta_fadeinup&quot;}\">\n\t\t\t\t<div class=\"elementor-element elementor-element-d1cec47 sc_fly_static elementor-widget elementor-widget-heading\" data-id=\"d1cec47\" data-element_type=\"widget\" data-e-type=\"widget\" data-widget_type=\"heading.default\">\n\t\t\t\t\t<h6 class=\"elementor-heading-title elementor-size-default\">SHAPING THE FUTURE WITH WOOD<\/h6>\t\t\t\t<\/div>\n\t\t\t\t<div class=\"elementor-element elementor-element-218b4c19 sc_fly_static elementor-widget elementor-widget-heading\" data-id=\"218b4c19\" data-element_type=\"widget\" data-e-type=\"widget\" data-widget_type=\"heading.default\">\n\t\t\t\t\t<h1 class=\"elementor-heading-title elementor-size-default\">Sermur Palet: The Reliable and Innovative Face of Logistics<\/h1>\t\t\t\t<\/div>\n\t\t\t\t<\/div>\n\t\t<div class=\"e-con-gap-no elementor-element elementor-element-250ad9b6 e-con-full e-flex sc_layouts_column_icons_position_left e-con e-child\" data-id=\"250ad9b6\" data-element_type=\"container\" data-e-type=\"container\">\n\t\t<div data-animation-type=\"block\" class=\"elementor-element elementor-element-4ebca303 e-con-full e-flex sc_layouts_column_icons_position_left animation_type_block elementor-invisible e-con e-child\" data-id=\"4ebca303\" data-element_type=\"container\" data-e-type=\"container\" data-settings=\"{&quot;animation&quot;:&quot;ta_fadeinup&quot;,&quot;animation_delay&quot;:50}\">\n\t\t\t\t<div class=\"elementor-element elementor-element-4c868c39 sc_fly_static elementor-widget elementor-widget-text-editor\" data-id=\"4c868c39\" data-element_type=\"widget\" data-e-type=\"widget\" data-widget_type=\"text-editor.default\">\n\t\t\t\t\t\t\t\t\t<p>As Sermur Palet, our primary goal is to perfect the operational processes of businesses with high-standard wooden pallet production, advanced engineering custom packaging solutions, and durable logistics equipment. By combining quality raw materials with expert craftsmanship, we aim to offer long-lasting, reliable, and high-carrying capacity solutions in both local and global markets.<\/p>\t\t\t\t\t\t\t\t<\/div>\n\t\t\t\t<\/div>\n\t\t<div data-animation-type=\"block\" class=\"elementor-element elementor-element-74d5f2da e-con-full e-flex sc_layouts_column_icons_position_left animation_type_block elementor-invisible e-con e-child\" data-id=\"74d5f2da\" data-element_type=\"container\" data-e-type=\"container\" data-settings=\"{&quot;animation&quot;:&quot;ta_fadeinup&quot;,&quot;animation_delay&quot;:100}\">\n\t\t\t\t<div class=\"elementor-element elementor-element-14c77146 sc_fly_static elementor-widget elementor-widget-text-editor\" data-id=\"14c77146\" data-element_type=\"widget\" data-e-type=\"widget\" data-widget_type=\"text-editor.default\">\n\t\t\t\t\t\t\t\t\t<p>Setting out with a modern production vision in 2023, Sermur Palet has become one of the dynamic and innovative players in the sector in a short time. With our commitment to ISPM-15 standards and our sustainable choices focused on the circular economy, we are proud to produce eco-friendly packaging solutions that add value to factories and logistics centers across T\u00fcrkiye.<\/p>\t\t\t\t\t\t\t\t<\/div>\n\t\t\t\t<\/div>\n\t\t\t\t<\/div>\n\t\t\t\t<\/div>\n\t\t\t\t<\/div>\n\t\t<div class=\"elementor-element elementor-element-77937c5 e-flex e-con-boxed sc_layouts_column_icons_position_left e-con e-parent\" data-id=\"77937c5\" data-element_type=\"container\" data-e-type=\"container\">\n\t\t\t\t\t<div class=\"e-con-inner\">\n\t\t<div class=\"elementor-element elementor-element-f811403 e-con-full e-flex sc_layouts_column_icons_position_left e-con e-child\" data-id=\"f811403\" data-element_type=\"container\" data-e-type=\"container\">\n\t\t<div data-animation-type=\"block\" class=\"elementor-element elementor-element-3387cf2 e-con-full e-flex sc_layouts_column_icons_position_left animation_type_block elementor-invisible e-con e-child\" data-id=\"3387cf2\" data-element_type=\"container\" data-e-type=\"container\" data-settings=\"{&quot;animation&quot;:&quot;ta_fadeinup&quot;}\">\n\t\t\t\t<div class=\"elementor-element elementor-element-6c88643 sc_fly_static elementor-widget elementor-widget-heading\" data-id=\"6c88643\" data-element_type=\"widget\" data-e-type=\"widget\" data-widget_type=\"heading.default\">\n\t\t\t\t\t<h5 class=\"elementor-heading-title elementor-size-default\">Our Mission<\/h5>\t\t\t\t<\/div>\n\t\t\t\t<\/div>\n\t\t\t\t<\/div>\n\t\t<div class=\"e-con-gap-no elementor-element elementor-element-721efdd e-con-full e-flex sc_layouts_column_icons_position_left e-con e-child\" data-id=\"721efdd\" data-element_type=\"container\" data-e-type=\"container\">\n\t\t<div data-animation-type=\"block\" class=\"elementor-element elementor-element-1de7c90 e-con-full e-flex sc_layouts_column_icons_position_left animation_type_block elementor-invisible e-con e-child\" data-id=\"1de7c90\" data-element_type=\"container\" data-e-type=\"container\" data-settings=\"{&quot;animation&quot;:&quot;ta_fadeinup&quot;,&quot;animation_delay&quot;:50}\">\n\t\t\t\t<div class=\"elementor-element elementor-element-6b8f61c sc_fly_static elementor-widget elementor-widget-text-editor\" data-id=\"6b8f61c\" data-element_type=\"widget\" data-e-type=\"widget\" data-widget_type=\"text-editor.default\">\n\t\t\t\t\t\t\t\t\t<p data-path-to-node=\"0\">As Sermur Palet, our mission is to provide our business partners in the logistics and warehousing sector with durable and reliable wooden packaging solutions produced at high engineering standards. From European standard EPAL and Euro pallet production to boutique solutions designed specifically for businesses, we base every stage on ISPM-15 quality standards. With our &#8220;smart quote&#8221; and &#8220;fast supply&#8221; principles that accelerate our customers&#8217; operational processes, we undertake the duty of carrying T\u00fcrkiye&#8217;s production power to the global market in the most secure way.<\/p><div class=\"source-inline-chip-container ng-star-inserted\"> <\/div>\t\t\t\t\t\t\t\t<\/div>\n\t\t\t\t<\/div>\n\t\t\t\t<\/div>\n\t\t\t\t\t<\/div>\n\t\t\t\t<\/div>\n\t\t<div class=\"elementor-element elementor-element-e991c27 e-flex e-con-boxed sc_layouts_column_icons_position_left e-con e-parent\" data-id=\"e991c27\" data-element_type=\"container\" data-e-type=\"container\">\n\t\t\t\t\t<div class=\"e-con-inner\">\n\t\t\t\t<div class=\"elementor-element elementor-element-8022279 elementor-widget-divider--view-line sc_fly_static elementor-widget elementor-widget-divider\" data-id=\"8022279\" data-element_type=\"widget\" data-e-type=\"widget\" data-widget_type=\"divider.default\">\n\t\t\t\t\t\t\t<div class=\"elementor-divider\">\n\t\t\t<span class=\"elementor-divider-separator\">\n\t\t\t\t\t\t<\/span>\n\t\t<\/div>\n\t\t\t\t\t\t<\/div>\n\t\t\t\t\t<\/div>\n\t\t\t\t<\/div>\n\t\t<div class=\"elementor-element elementor-element-f7a8772 e-flex e-con-boxed sc_layouts_column_icons_position_left e-con e-parent\" data-id=\"f7a8772\" data-element_type=\"container\" data-e-type=\"container\">\n\t\t\t\t\t<div class=\"e-con-inner\">\n\t\t<div class=\"e-con-gap-no elementor-element elementor-element-95f2cd1 e-con-full e-flex sc_layouts_column_icons_position_left e-con e-child\" data-id=\"95f2cd1\" data-element_type=\"container\" data-e-type=\"container\">\n\t\t<div data-animation-type=\"block\" class=\"elementor-element elementor-element-27a1b15 e-con-full e-flex sc_layouts_column_icons_position_left animation_type_block elementor-invisible e-con e-child\" data-id=\"27a1b15\" data-element_type=\"container\" data-e-type=\"container\" data-settings=\"{&quot;animation&quot;:&quot;ta_fadeinup&quot;,&quot;animation_delay&quot;:50}\">\n\t\t\t\t<div class=\"elementor-element elementor-element-9fda974 sc_fly_static elementor-widget elementor-widget-text-editor\" data-id=\"9fda974\" data-element_type=\"widget\" data-e-type=\"widget\" data-widget_type=\"text-editor.default\">\n\t\t\t\t\t\t\t\t\t<p>Our vision is to become a leading technology and production center in T\u00fcrkiye&#8217;s digitalizing logistics infrastructure by integrating modern automation technologies and robotic palletizing systems into our production processes. We aim to be one of the leading advocates of the circular economy with our sustainable forestry policies and our second-hand recycling network. We envision carrying the Sermur Palet name into the future not just as a supplier, but as a world-class logistics solution partner with engineering depth and an environmentalist approach.<\/p><div class=\"source-inline-chip-container ng-star-inserted\"> <\/div>\t\t\t\t\t\t\t\t<\/div>\n\t\t\t\t<\/div>\n\t\t\t\t<\/div>\n\t\t<div class=\"elementor-element elementor-element-d4064e3 e-con-full e-flex sc_layouts_column_icons_position_left e-con e-child\" data-id=\"d4064e3\" data-element_type=\"container\" data-e-type=\"container\">\n\t\t<div data-animation-type=\"block\" class=\"elementor-element elementor-element-b9e491b e-con-full e-flex sc_layouts_column_icons_position_left animation_type_block elementor-invisible e-con e-child\" data-id=\"b9e491b\" data-element_type=\"container\" data-e-type=\"container\" data-settings=\"{&quot;animation&quot;:&quot;ta_fadeinup&quot;}\">\n\t\t\t\t<div class=\"elementor-element elementor-element-5c7fdb4 sc_fly_static elementor-widget elementor-widget-heading\" data-id=\"5c7fdb4\" data-element_type=\"widget\" data-e-type=\"widget\" data-widget_type=\"heading.default\">\n\t\t\t\t\t<h5 class=\"elementor-heading-title elementor-size-default\">Our Vision<\/h5>\t\t\t\t<\/div>\n\t\t\t\t<\/div>\n\t\t\t\t<\/div>\n\t\t\t\t\t<\/div>\n\t\t\t\t<\/div>\n\t\t<div class=\"elementor-element elementor-element-892eb5a e-flex e-con-boxed sc_layouts_column_icons_position_left e-con e-parent\" data-id=\"892eb5a\" data-element_type=\"container\" data-e-type=\"container\">\n\t\t\t\t\t<div class=\"e-con-inner\">\n\t\t\t\t<div class=\"elementor-element elementor-element-347ae93 elementor-widget-divider--view-line sc_fly_static elementor-widget elementor-widget-divider\" data-id=\"347ae93\" data-element_type=\"widget\" data-e-type=\"widget\" data-widget_type=\"divider.default\">\n\t\t\t\t\t\t\t<div class=\"elementor-divider\">\n\t\t\t<span class=\"elementor-divider-separator\">\n\t\t\t\t\t\t<\/span>\n\t\t<\/div>\n\t\t\t\t\t\t<\/div>\n\t\t\t\t\t<\/div>\n\t\t\t\t<\/div>\n\t\t<div class=\"elementor-element elementor-element-b091111 e-grid e-con-full sc_layouts_column_icons_position_left e-con e-parent\" data-id=\"b091111\" data-element_type=\"container\" data-e-type=\"container\" data-settings=\"{&quot;background_background&quot;:&quot;classic&quot;}\">\n\t\t\t\t<div data-animation-type=\"block\" class=\"elementor-element elementor-element-ee1522e elementor-view-default elementor-position-block-start elementor-mobile-position-block-start animation_type_block sc_fly_static elementor-invisible elementor-widget elementor-widget-icon-box\" data-id=\"ee1522e\" data-element_type=\"widget\" data-e-type=\"widget\" data-settings=\"{&quot;_animation&quot;:&quot;ta_fadeinup&quot;}\" data-widget_type=\"icon-box.default\">\n\t\t\t\t\t\t\t<div class=\"elementor-icon-box-wrapper\">\n\n\t\t\t\t\t\t<div class=\"elementor-icon-box-icon\">\n\t\t\t\t<span  class=\"elementor-icon\">\n\t\t\t\t\t\t\t\t<\/span>\n\t\t\t<\/div>\n\t\t\t\n\t\t\t\t\t\t<div class=\"elementor-icon-box-content\">\n\n\t\t\t\t\t\t\t\t\t<h4 class=\"elementor-icon-box-title\">\n\t\t\t\t\t\t<span  >\n\t\t\t\t\t\t\tSectoral Packaging Design\t\t\t\t\t\t<\/span>\n\t\t\t\t\t<\/h4>\n\t\t\t\t\n\t\t\t\t\t\t\t\t\t<p class=\"elementor-icon-box-description\">\n\t\t\t\t\t\tWe design high-strength wooden crates and custom-sized pallet systems specific to your product's weight, sensitivity, and shipment route.\t\t\t\t\t<\/p>\n\t\t\t\t\n\t\t\t<\/div>\n\t\t\t\n\t\t<\/div>\n\t\t\t\t\t\t<\/div>\n\t\t\t\t<div data-animation-type=\"block\" class=\"elementor-element elementor-element-e6cdacc elementor-view-default elementor-position-block-start elementor-mobile-position-block-start animation_type_block sc_fly_static elementor-invisible elementor-widget elementor-widget-icon-box\" data-id=\"e6cdacc\" data-element_type=\"widget\" data-e-type=\"widget\" data-settings=\"{&quot;_animation&quot;:&quot;ta_fadeinup&quot;,&quot;_animation_delay&quot;:100}\" data-widget_type=\"icon-box.default\">\n\t\t\t\t\t\t\t<div class=\"elementor-icon-box-wrapper\">\n\n\t\t\t\t\t\t<div class=\"elementor-icon-box-icon\">\n\t\t\t\t<span  class=\"elementor-icon\">\n\t\t\t\t\t\t\t\t<\/span>\n\t\t\t<\/div>\n\t\t\t\n\t\t\t\t\t\t<div class=\"elementor-icon-box-content\">\n\n\t\t\t\t\t\t\t\t\t<h4 class=\"elementor-icon-box-title\">\n\t\t\t\t\t\t<span  >\n\t\t\t\t\t\t\tEPAL and Euro Standards\t\t\t\t\t\t<\/span>\n\t\t\t\t\t<\/h4>\n\t\t\t\t\n\t\t\t\t\t\t\t\t\t<p class=\"elementor-icon-box-description\">\n\t\t\t\t\t\tWe offer certified pallet solutions in European standards of 80x120 and 100x120 sizes, with high carrying capacity and produced on fully automatic lines.\t\t\t\t\t<\/p>\n\t\t\t\t\n\t\t\t<\/div>\n\t\t\t\n\t\t<\/div>\n\t\t\t\t\t\t<\/div>\n\t\t\t\t<div data-animation-type=\"block\" class=\"elementor-element elementor-element-934138b elementor-view-default elementor-position-block-start elementor-mobile-position-block-start animation_type_block sc_fly_static elementor-invisible elementor-widget elementor-widget-icon-box\" data-id=\"934138b\" data-element_type=\"widget\" data-e-type=\"widget\" data-settings=\"{&quot;_animation&quot;:&quot;ta_fadeinup&quot;,&quot;_animation_delay&quot;:200}\" data-widget_type=\"icon-box.default\">\n\t\t\t\t\t\t\t<div class=\"elementor-icon-box-wrapper\">\n\n\t\t\t\t\t\t<div class=\"elementor-icon-box-icon\">\n\t\t\t\t<span  class=\"elementor-icon\">\n\t\t\t\t\t\t\t\t<\/span>\n\t\t\t<\/div>\n\t\t\t\n\t\t\t\t\t\t<div class=\"elementor-icon-box-content\">\n\n\t\t\t\t\t\t\t\t\t<h4 class=\"elementor-icon-box-title\">\n\t\t\t\t\t\t<span  >\n\t\t\t\t\t\t\tCircular Economy and Recycling\t\t\t\t\t\t<\/span>\n\t\t\t\t\t<\/h4>\n\t\t\t\t\n\t\t\t\t\t\t\t\t\t<p class=\"elementor-icon-box-description\">\n\t\t\t\t\t\tWith our second-hand pallet buyback and repair system, we prevent waste generation and optimize your business's pallet costs with \"like-new\" solutions.\t\t\t\t\t<\/p>\n\t\t\t\t\n\t\t\t<\/div>\n\t\t\t\n\t\t<\/div>\n\t\t\t\t\t\t<\/div>\n\t\t\t\t<div data-animation-type=\"block\" class=\"elementor-element elementor-element-52d0eda elementor-view-default elementor-position-block-start elementor-mobile-position-block-start animation_type_block sc_fly_static elementor-invisible elementor-widget elementor-widget-icon-box\" data-id=\"52d0eda\" data-element_type=\"widget\" data-e-type=\"widget\" data-settings=\"{&quot;_animation&quot;:&quot;ta_fadeinup&quot;,&quot;_animation_delay&quot;:300}\" data-widget_type=\"icon-box.default\">\n\t\t\t\t\t\t\t<div class=\"elementor-icon-box-wrapper\">\n\n\t\t\t\t\t\t<div class=\"elementor-icon-box-icon\">\n\t\t\t\t<span  class=\"elementor-icon\">\n\t\t\t\t\t\t\t\t<\/span>\n\t\t\t<\/div>\n\t\t\t\n\t\t\t\t\t\t<div class=\"elementor-icon-box-content\">\n\n\t\t\t\t\t\t\t\t\t<h4 class=\"elementor-icon-box-title\">\n\t\t\t\t\t\t<span  >\n\t\t\t\t\t\t\tISPM-15 and Secure Shipment\t\t\t\t\t\t<\/span>\n\t\t\t\t\t<\/h4>\n\t\t\t\t\n\t\t\t\t\t\t\t\t\t<p class=\"elementor-icon-box-description\">\n\t\t\t\t\t\tBy preparing all our products in accordance with international ISPM-15 heat treatment standards, we eliminate customs barriers in your global logistics processes.\t\t\t\t\t<\/p>\n\t\t\t\t\n\t\t\t<\/div>\n\t\t\t\n\t\t<\/div>\n\t\t\t\t\t\t<\/div>\n\t\t\t\t<\/div>\n\t\t<div class=\"elementor-element elementor-element-a475365 e-flex e-con-boxed sc_layouts_column_icons_position_left e-con e-parent\" data-id=\"a475365\" data-element_type=\"container\" data-e-type=\"container\">\n\t\t\t\t\t<div class=\"e-con-inner\">\n\t\t\t\t<div class=\"elementor-element elementor-element-3d177b7 sc_fly_static elementor-widget elementor-widget-html\" data-id=\"3d177b7\" data-element_type=\"widget\" data-e-type=\"widget\" data-widget_type=\"html.default\">\n\t\t\t\t\t<!-- SERMUR PALET | HAKKIMIZDA SCHEMA MARKUP -->\n<script type=\"application\/ld+json\">\n{\n  \"@context\": \"https:\/\/schema.org\",\n  \"@graph\": [\n    {\n      \"@type\": \"AboutPage\",\n      \"@id\": \"https:\/\/sermurpalet.com\/hakkimizda\/#webpage\",\n      \"url\": \"https:\/\/sermurpalet.com\/hakkimizda\/\",\n      \"name\": \"Hakk\u0131m\u0131zda | Sermur Palet Misyon ve Vizyonu\",\n      \"description\": \"Sermur Palet'in kurulu\u015f hikayesi, end\u00fcstriyel ambalaj sekt\u00f6r\u00fcndeki liderlik vizyonu, s\u00fcrd\u00fcr\u00fclebilir ormanc\u0131l\u0131k politikalar\u0131 ve teknik m\u00fchendislik derinli\u011fi hakk\u0131nda bilgi edinin.\",\n      \"inLanguage\": \"tr-TR\",\n      \"isPartOf\": {\n        \"@type\": \"WebSite\",\n        \"@id\": \"https:\/\/sermurpalet.com\/#website\"\n      },\n      \"about\": {\n        \"@type\": \"Organization\",\n        \"@id\": \"https:\/\/sermurpalet.com\/#organization\",\n        \"name\": \"Sermur Palet\",\n        \"alternateName\": \"Sermur Pallet\",\n        \"url\": \"https:\/\/sermurpalet.com\/\",\n        \"logo\": {\n          \"@type\": \"ImageObject\",\n          \"url\": \"https:\/\/sermurpalet.com\/wp-content\/uploads\/2026\/05\/sermur-palet-logo.jpeg\"\n        },\n        \"description\": \"T\u00fcrkiye'nin \u00f6nde gelen end\u00fcstriyel ah\u015fap palet ve ambalaj \u00fcreticisi.\",\n        \"address\": {\n          \"@type\": \"PostalAddress\",\n          \"streetAddress\": \"Organize Sanayi B\u00f6lgesi, 46MQ+CP\",\n          \"addressLocality\": \"Sungurlu\",\n          \"addressRegion\": \"\u00c7orum\",\n          \"postalCode\": \"19302\",\n          \"addressCountry\": \"TR\"\n        }\n      }\n    },\n    {\n      \"@type\": \"BreadcrumbList\",\n      \"@id\": \"https:\/\/sermurpalet.com\/hakkimizda\/#breadcrumb\",\n      \"itemListElement\": [\n        {\n          \"@type\": \"ListItem\",\n          \"position\": 1,\n          \"name\": \"Anasayfa\",\n          \"item\": \"https:\/\/sermurpalet.com\/\"\n        },\n        {\n          \"@type\": \"ListItem\",\n          \"position\": 2,\n          \"name\": \"Hakk\u0131m\u0131zda\",\n          \"item\": \"https:\/\/sermurpalet.com\/hakkimizda\/\"\n        }\n      ]\n    }\n  ]\n}\n<\/script>\t\t\t\t<\/div>\n\t\t\t\t\t<\/div>\n\t\t\t\t<\/div>\n\t\t\t\t<\/div>\n\t\t","protected":false},"excerpt":{"rendered":"<p>SHAPING THE FUTURE WITH WOOD Sermur Palet: The Reliable and Innovative Face of&hellip;<\/p>\n","protected":false},"author":1,"featured_media":0,"parent":0,"menu_order":0,"comment_status":"closed","ping_status":"closed","template":"","meta":{"footnotes":""},"class_list":["post-2053","page","type-page","status-publish","hentry"],"_hostinger_reach_plugin_has_subscription_block":false,"_hostinger_reach_plugin_is_elementor":false,"_links":{"self":[{"href":"https:\/\/sermurpalet.com\/en\/wp-json\/wp\/v2\/pages\/2053","targetHints":{"allow":["GET"]}}],"collection":[{"href":"https:\/\/sermurpalet.com\/en\/wp-json\/wp\/v2\/pages"}],"about":[{"href":"https:\/\/sermurpalet.com\/en\/wp-json\/wp\/v2\/types\/page"}],"author":[{"embeddable":true,"href":"https:\/\/sermurpalet.com\/en\/wp-json\/wp\/v2\/users\/1"}],"replies":[{"embeddable":true,"href":"https:\/\/sermurpalet.com\/en\/wp-json\/wp\/v2\/comments?post=2053"}],"version-history":[{"count":1,"href":"https:\/\/sermurpalet.com\/en\/wp-json\/wp\/v2\/pages\/2053\/revisions"}],"predecessor-version":[{"id":2054,"href":"https:\/\/sermurpalet.com\/en\/wp-json\/wp\/v2\/pages\/2053\/revisions\/2054"}],"wp:attachment":[{"href":"https:\/\/sermurpalet.com\/en\/wp-json\/wp\/v2\/media?parent=2053"}],"curies":[{"name":"wp","href":"https:\/\/api.w.org\/{rel}","templated":true}]}}